{"id":2934,"date":"2023-12-18T15:25:15","date_gmt":"2023-12-18T14:25:15","guid":{"rendered":"https:\/\/optimumsurfaces.com\/privacy-policy\/"},"modified":"2024-01-29T15:07:38","modified_gmt":"2024-01-29T14:07:38","slug":"privacy-policy","status":"publish","type":"page","link":"https:\/\/optimumsurfaces.com\/de\/privacy-policy\/","title":{"rendered":"Privacy Policy"},"content":{"rendered":"[vc_row type=&#8221;in_container&#8221; full_screen_row_position=&#8221;middle&#8221; column_margin=&#8221;default&#8221; column_direction=&#8221;default&#8221; column_direction_tablet=&#8221;default&#8221; column_direction_phone=&#8221;default&#8221; scene_position=&#8221;center&#8221; text_color=&#8221;dark&#8221; text_align=&#8221;left&#8221; row_border_radius=&#8221;none&#8221; row_border_radius_applies=&#8221;bg&#8221; overflow=&#8221;visible&#8221; overlay_strength=&#8221;0.3&#8243; gradient_direction=&#8221;left_to_right&#8221; shape_divider_position=&#8221;bottom&#8221; bg_image_animation=&#8221;none&#8221;][vc_column column_padding=&#8221;no-extra-padding&#8221; column_padding_tablet=&#8221;inherit&#8221; column_padding_phone=&#8221;inherit&#8221; column_padding_position=&#8221;all&#8221; column_element_direction_desktop=&#8221;default&#8221; column_element_spacing=&#8221;default&#8221; desktop_text_alignment=&#8221;default&#8221; tablet_text_alignment=&#8221;default&#8221; phone_text_alignment=&#8221;default&#8221; background_color_opacity=&#8221;1&#8243; background_hover_color_opacity=&#8221;1&#8243; column_backdrop_filter=&#8221;none&#8221; column_shadow=&#8221;none&#8221; column_border_radius=&#8221;none&#8221; column_link_target=&#8221;_self&#8221; column_position=&#8221;default&#8221; gradient_direction=&#8221;left_to_right&#8221; overlay_strength=&#8221;0.3&#8243; width=&#8221;1\/1&#8243; tablet_width_inherit=&#8221;default&#8221; animation_type=&#8221;default&#8221; bg_image_animation=&#8221;none&#8221; border_type=&#8221;simple&#8221; column_border_width=&#8221;none&#8221; column_border_style=&#8221;solid&#8221;][vc_column_text]\n<h1>Datenschutzerkl\u00e4rung<\/h1>\n<p>&nbsp;<\/p>\n<p><strong>Optimum \u2013 Quality on Top<\/strong><\/p>\n<p>Optimum \u2013 Quality on Top dankt Ihnen f\u00fcr die Zeit, die Sie dem Besuch dieses Bereichs unserer Website widmen. Der Schutz Ihrer Daten ist uns sehr wichtig. Um Ihnen den besten Schutz zu gew\u00e4hrleisten, stellen wir diese Datenschutzerkl\u00e4rung bereit, in der Sie erfahren, welche Art von Daten online erhoben wird und welche M\u00f6glichkeiten Sie haben, um auf die Erhebung und Nutzung dieser Informationen auf der Website Einfluss zu nehmen.<\/p>\n<p>Die vorliegende Datenschutzerkl\u00e4rung richtet sich gem\u00e4\u00df Verordnung (EU) 2016\/679 (DSGVO), ital. GvD Nr.\u00a0196\/2003 \u00fcber den Datenschutz und ital. GvD Nr.\u00a0201 vom 6.12.2011 an die Nutzer der Web-Dienste von Optimum \u2013 Quality on Top, welche im Internet ausgehend von der Homepage der offiziellen Website von Optimum \u2013 Quality on Top unter der Adresse http:\/\/www.optimumsurfaces.com verf\u00fcgbar sind.<\/p>\n<p>Ihre Daten werden im Einklang mit den geltenden europ\u00e4ischen und italienischen Bestimmungen \u00fcber den Datenschutz und den einschl\u00e4gigen lokalen Bestimmungen, die jeweils auf die Verarbeitung au\u00dferhalb der italienischen Landesgrenzen anwendbar sind, sowie mit den im Ethikkodex von Optimum \u2013 Quality on Top enthaltenen allgemeinen Verhaltensgrunds\u00e4tzen und -regeln verarbeitet.<\/p>\n<p><strong>1. Art und Herkunft der verarbeiteten Daten.<\/strong><\/p>\n<p><em>1.1 Automatisch erhobene Daten<\/em><\/p>\n<p>Die f\u00fcr den Betrieb der Website erforderlichen Softwareverfahren erfassen einige personenbezogene Daten, deren \u00dcbermittlung durch die Verwendung von Internet-Kommunikationsprotokollen bedingt ist, und speichern sie in Logdateien. Diese Informationen werden nicht zum Zweck der Zuordnung an identifizierte Betroffene erhoben. Aufgrund ihrer Art k\u00f6nnen sie jedoch durch die Verarbeitung und Zusammenf\u00fchrung mit Daten Dritter R\u00fcckschl\u00fcsse auf die Identit\u00e4t der Nutzer zulassen. Zu dieser Datenkategorie geh\u00f6ren die IP-Adressen und Domain-Namen der von den Nutzern verwendeten Computer, die eine Verbindung zur Website herstellen, die URI-Adressen (<em>Uniform Resource Identifier<\/em>) der angeforderten Ressourcen, die Uhrzeit der Anfrage, die Methode zur \u00dcbermittlung der Anfrage an den Server, die Gr\u00f6\u00dfe der Antwortdatei, der Zahlencode, der den Zustand der Server-Antwort angibt (erfolgreich, Fehler usw.) sowie weitere Parameter in Bezug auf das Betriebssystem und die EDV-Umgebung des Nutzers, Start- und Landeseiten, Browsing-Index und identifizierende Verhaltensweisen beim Besuch der Website. Diese Daten werden ausschlie\u00dflich zur Erfassung anonymer statistischer Informationen \u00fcber die Nutzung der Website und zur Pr\u00fcfung ihrer korrekten Funktionsweise verwendet. Ausschlie\u00dflich auf Verlangen der zust\u00e4ndigen \u00dcberwachungsorgane k\u00f6nnten die Daten zur Ermittlung von Verantwortlichkeiten im Falle von Informatikdelikten zum Schaden der Website verwendet werden.<\/p>\n<p><em>1.2 Freiwillig vom Nutzer bereitgestellte Daten<\/em><\/p>\n<p>Das freiwillige, ausdr\u00fcckliche und wissentliche Senden von elektronischer Post an die auf dieser Website angegebenen Adressen bewirkt die Erfassung der Adresse des Absenders, die f\u00fcr die Beantwortung der Anfragen notwendig ist, sowie etwaiger weiterer in der gesendeten Nachricht enthaltener personenbezogener Daten. Optimum \u2013 Quality on Top erhebt und verarbeitet die personenbezogenen Daten, die Sie \u00fcber die Website bei der Registrierung auf der Website und\/oder der Anmeldung zum Newsletter von Optimum \u2013 Quality on Top und\/oder beim Absenden einer Anfrage an unseren Kundendienst unmittelbar und bewusst bereitgestellt haben, sowie die eventuell bei Ausf\u00fcllung der Kundendaten bereitgestellten Daten. Diese Daten umfassen bspw. Vor- und Nachname, Anschrift, Beruf, E-Mail-Adresse und Telefonnummer. Das freiwillige, ausdr\u00fcckliche und wissentliche Senden von elektronischer Post \u00fcber die Website und\/oder an die auf der Website angegebenen Adressen bewirkt die Erfassung der Adresse des Absenders, die f\u00fcr die Beantwortung der Anfragen notwendig ist, sowie etwaiger weiterer in der gesendeten Nachricht enthaltener personenbezogener Daten.<\/p>\n<p><strong>2. Cookies<\/strong><\/p>\n<p>Damit die Website ordnungsgem\u00e4\u00df funktioniert, ist die Verwendung technischer Cookies notwendig, das hei\u00dft Cookies, die zum Surfen oder zur Bereitstellung eines vom Nutzer verlangten Dienstes dienen. Sie werden f\u00fcr keine anderen Zwecke verwendet und direkt vom Betreiber der Website gem\u00e4\u00df Art.\u00a0122 Abs.\u00a01 ital. Datenschutzgesetz (in der geltenden Fassung infolge Inkrafttreten des GvD Nr.\u00a069\/2012) installiert. Die technischen Cookies k\u00f6nnen auch bei fehlender Einwilligung der betroffenen Person verwendet werden.<\/p>\n<p>Der Europ\u00e4ische Datenschutzausschuss, der die Datenschutzbeh\u00f6rden der EU-Mitgliedsstaaten vereint (Artikel-29-Datenschutzgruppe), hat in der \u201eStellungnahme 4\/2012 zur Ausnahme von Cookies von der Einwilligungspflicht\u201c (WP194) gekl\u00e4rt, dass f\u00fcr die folgenden Cookie-Arten keine vorherige Einwilligung des Nutzers in Kenntnis der Sachlage erforderlich ist:<\/p>\n<ul>\n<li>User-Input-Cookies (Session-ID) f\u00fcr die Dauer einer Sitzung oder in bestimmten F\u00e4llen dauerhafte Cookies, deren G\u00fcltigkeitsdauer auf wenige Stunden beschr\u00e4nkt ist;<\/li>\n<li>Authentifizierungscookies f\u00fcr Dienste, bei denen eine Authentifizierung erforderlich ist, f\u00fcr die Dauer einer Sitzung;<\/li>\n<li>nutzerorientierte Sicherheitscookies zur Erkennung von Authentifizierungsmissbrauch f\u00fcr eine begrenzte l\u00e4ngere Dauer;<\/li>\n<li>Multimedia-Player-Sitzungscookies wie Flash-Player-Cookies f\u00fcr die Dauer einer Sitzung;<\/li>\n<li>Lastverteilungs-Sitzungscookies f\u00fcr die Dauer der Sitzung;<\/li>\n<li>dauerhafte Cookies zur Anpassung der Benutzeroberfl\u00e4che f\u00fcr die Dauer einer Sitzung (oder etwas l\u00e4nger).<\/li>\n<\/ul>\n<p>Jeder andere Cookie-Typ wird erst nach Einholen der freiwilligen Einwilligung des Nutzers verwendet. Die erteilte Einwilligung kann w\u00e4hrend der Navigation jederzeit ge\u00e4ndert oder widerrufen werden.<\/p>\n<p><strong>3. Zweck der Verarbeitung<\/strong><\/p>\n<p>Die personenbezogenen Daten k\u00f6nnen zur Beantwortung Ihrer Anfragen und folglich zur Abwicklung der Beziehung zwischen Ihnen und Optimum \u2013 Quality on Top verwendet werden. Um diese Zwecke zu erf\u00fcllen, m\u00fcssen die Daten verarbeitet werden. Die etwaige fehlende oder falsche Mitteilung einer der Informationen kann die vollst\u00e4ndige Nutzung der Funktionen und Dienste der Website einschr\u00e4nken und\/oder verhindern.<\/p>\n<p><strong>4. Art und Ort der Verarbeitung.<\/strong><\/p>\n<p>Die personenbezogenen Daten werden mit geeigneten elektronischen oder automatisierten Mitteln der Informatik und Telematik oder manuell und auf Papier mit Abl\u00e4ufen verarbeitet, die mit den Zwecken, zu denen die personenbezogenen Daten erhoben wurden, in engem Zusammenhang stehen und auf jeden Fall die Sicherheit und die Vertraulichkeit der Daten gew\u00e4hrleisten. Die personenbezogenen Daten werden von internen Mitarbeitern von Optimum \u2013 Quality on Top verarbeitet, die mit der Verarbeitung beauftragt und im Rahmen ihrer Arbeitsaufgaben hierzu befugt sind, sowie eventuell von externen Stellen, soweit dies f\u00fcr die Ausf\u00fchrung der oben genannten Zwecke notwendig und\/oder zweckdienlich ist (bspw. Dienstleister, Wartungstechniker f\u00fcr Informatikdienste, von Optimum \u2013 Quality on Top mit der Durchf\u00fchrung und\/oder dem Management von Werbekampagnen f\u00fcr die eigenen Produkte und Leistungen beauftragte Unternehmen usw.).<\/p>\n<p>Die Datenverarbeitungen in Verbindung mit den Web-Diensten erfolgen am Sitz des Verantwortlichen und beim Dienstleister Ventisette Digital, Viale A. Tassoni 123, 41124 Modena &#8211; Italien<\/p>\n<p><strong>5. Art der Bereitstellung der Daten und Freiwilligkeit.<\/strong><\/p>\n<p>Die Bereitstellung der personenbezogenen Daten ist freiwillig. Zur Kontaktaufnahme mit unserem Kundendienst ist es jedoch erforderlich, alle als Pflichtfelder gekennzeichneten Felder im betreffenden Kontaktformular auszuf\u00fcllen. Die Verarbeitung Ihrer Daten zu den Zwecken aus Punkt 3 unterliegt der Erteilung Ihrer ausdr\u00fccklichen Einwilligung. Die etwaige Verweigerung der Einwilligung bewirkt lediglich, dass wir Ihnen keine Informationen \u00fcber Initiativen, die Sie m\u00f6glicherweise interessieren, und\/oder jegliche weitere kommerzielle Informationen \u00fcber Produkte, Initiativen und Events von Optimum \u2013 Quality on Top senden k\u00f6nnen. Sie werden Ihre Einwilligung jederzeit widerrufen k\u00f6nnen. Ihren Widerruf richten Sie bitte schriftlich an Optimum \u2013 Quality on Top, Via Magazzeno, 1944 Savignano sul Panaro (Modena) oder an die E-Mail-Adresse privacy@optimumsurfaces.com.<\/p>\n<p><strong>6. \u00dcbermittlung und Verbreitung der Daten.<\/strong><\/p>\n<p>Soweit zur Erf\u00fcllung der oben genannten Zwecke notwendig und\/oder zweckdienlich, k\u00f6nnen Ihre personenbezogenen Daten von externen Stellen verarbeitet werden, die als Auftragsverarbeiter handeln und den folgenden Kategorien angeh\u00f6ren:<\/p>\n<ul>\n<li>mit Optimum \u2013 Quality on Top verbundene Gesellschaften;<\/li>\n<li>Gesellschaften, Berater und Selbstst\u00e4ndige, die Assistenz- und\/oder Beratungsleistungen oder im Auftrag von Optimum \u2013 Quality on Top Dienstleistungen erbringen, die mit dem Zweck der Datenverarbeitung zusammenh\u00e4ngen.<\/li>\n<\/ul>\n<p>Ihre Daten werden in \u00dcbereinstimmung mit den Bestimmungen des anwendbaren Rechts in das Ausland und auch in L\u00e4nder au\u00dferhalb der Europ\u00e4ischen Union \u00fcbermittelt werden k\u00f6nnen, wo die Gesellschaft eigene Interessen verfolgt. Die personenbezogenen Daten werden nicht zu Werbezwecken Dritter verwendet und in keinem Fall an unbestimmte Stellen weitergegeben.<\/p>\n<p><strong>7. Newsletter<\/strong><\/p>\n<p>Bei der Anmeldung zum Newsletter von Optimum \u2013 Quality on Top werden der Name und die E-Mail-Adresse des Nutzers in eine Kontaktliste eingetragen, an die regelm\u00e4\u00dfig Gesch\u00e4fts- und Werbeinformationen gesendet werden. Zur Anmeldung des Newsletters muss der Nutzer das 16. Lebensjahr vollendet haben und die ausdr\u00fcckliche Einwilligung erteilen. Ohne Einwilligung in die \u00dcbermittlung kann der Newsletter nicht angemeldet werden.<\/p>\n<p>Optimum \u2013 Quality on Top erh\u00e4lt eine E-Mail mit den vorgenannten Daten bei An- und Abmeldung des Newsletters und nimmt regelm\u00e4\u00dfig ein Backup der Verteilerliste vor.<\/p>\n<p>Der Newsletter-Dienst wird von <em>The Rocket Science Group<\/em> mit Sitz in 675 Ponce de Leon Ave NE, Suite 5000 Atlanta, GA 30308, USA, bereitgestellt. Wie alle Newsletter-Plattformen liefert The Rocket Science Group Informationen an Nutzer, die den Newsletter \u00f6ffnen und auf die Links klicken. Die personenbezogenen Kontaktdaten sind auf ihren Servern gespeichert. Der Newsletter kann jederzeit durch Klicken auf den Abmeldelink am Ende jeder E-Mail abbestellt werden.<\/p>\n<p><strong>8. Verantwortlicher f\u00fcr die Datenverarbeitung.<\/strong><\/p>\n<p>Der Verantwortliche der Datenverarbeitung ist Ceramica del Conca S.p.A. mit Sitz in Via Croce 8, San Clemente (Rimini), der Ihre Daten in \u00dcbereinstimmung mit der Verordnung (EU) 2016\/679 (GSGVO) und ital. GvD 196\/2003 i.d.g.F. (Datenschutzgesetz) verarbeitet.<\/p>\n<p><strong>9. Rechte der betroffenen Person.<\/strong><\/p>\n<p>Sie k\u00f6nnen Ihre Rechte jederzeit gem\u00e4\u00df Art. 15-22 der Verordnung wahrnehmen.<\/p>\n<p><strong>10. Kontakt.<\/strong><\/p>\n<p>Bitte richten Sie jede auf diese Datenschutzerkl\u00e4rung bezogene Anfrage hinsichtlich Ihrer personenbezogenen Daten an: Optimum \u2013 Quality on Top, Via Magazzeno 1944 Savignano sul Panaro (Modena), E-Mail privacy@optimumsurfaces.com<\/p>\n<p>Optimum \u2013 Quality on Top beh\u00e4lt sich vor, jederzeit \u00c4nderungen an der vorliegenden Datenschutzerkl\u00e4rung vorzunehmen. Die auf der Website ver\u00f6ffentlichte Version ist die aktuell g\u00fcltige Fassung.<\/p>\n<p>&nbsp;<\/p>\n<p>&nbsp;<\/p>\n<p>Stand: Mai 2018[\/vc_column_text][divider line_type=&#8221;No Line&#8221; custom_height=&#8221;50px&#8221;][\/vc_column][\/vc_row]\n","protected":false},"excerpt":{"rendered":"<p>[vc_row type=&#8221;in_container&#8221; full_screen_row_position=&#8221;middle&#8221; column_margin=&#8221;default&#8221; column_direction=&#8221;default&#8221; column_direction_tablet=&#8221;default&#8221; column_direction_phone=&#8221;default&#8221; scene_position=&#8221;center&#8221; text_color=&#8221;dark&#8221; text_align=&#8221;left&#8221; row_border_radius=&#8221;none&#8221; row_border_radius_applies=&#8221;bg&#8221; overflow=&#8221;visible&#8221; overlay_strength=&#8221;0.3&#8243; gradient_direction=&#8221;left_to_right&#8221; shape_divider_position=&#8221;bottom&#8221; bg_image_animation=&#8221;none&#8221;][vc_column column_padding=&#8221;no-extra-padding&#8221; column_padding_tablet=&#8221;inherit&#8221; column_padding_phone=&#8221;inherit&#8221; column_padding_position=&#8221;all&#8221; column_element_direction_desktop=&#8221;default&#8221; column_element_spacing=&#8221;default&#8221; desktop_text_alignment=&#8221;default&#8221; tablet_text_alignment=&#8221;default&#8221; phone_text_alignment=&#8221;default&#8221; background_color_opacity=&#8221;1&#8243; background_hover_color_opacity=&#8221;1&#8243; column_backdrop_filter=&#8221;none&#8221; column_shadow=&#8221;none&#8221;&#8230;<\/p>\n","protected":false},"author":1,"featured_media":0,"parent":0,"menu_order":0,"comment_status":"closed","ping_status":"closed","template":"","meta":{"inline_featured_image":false,"footnotes":""},"class_list":["post-2934","page","type-page","status-publish"],"yoast_head":"\n<title>Privacy Policy | Optimum \u2013 Quality on Top<\/title>\n<meta name=\"robots\" content=\"index, follow, max-snippet:-1, max-image-preview:large, max-video-preview:-1\" \/>\n<link rel=\"canonical\" href=\"https:\/\/optimumsurfaces.com\/de\/privacy-policy\/\" \/>\n<meta property=\"og:locale\" content=\"de_DE\" \/>\n<meta property=\"og:type\" content=\"article\" \/>\n<meta property=\"og:title\" content=\"Privacy Policy | Optimum \u2013 Quality on Top\" \/>\n<meta property=\"og:description\" content=\"[vc_row type=&#8221;in_container&#8221; full_screen_row_position=&#8221;middle&#8221; column_margin=&#8221;default&#8221; column_direction=&#8221;default&#8221; column_direction_tablet=&#8221;default&#8221; column_direction_phone=&#8221;default&#8221; scene_position=&#8221;center&#8221; text_color=&#8221;dark&#8221; text_align=&#8221;left&#8221; row_border_radius=&#8221;none&#8221; row_border_radius_applies=&#8221;bg&#8221; overflow=&#8221;visible&#8221; overlay_strength=&#8221;0.3&#8243; gradient_direction=&#8221;left_to_right&#8221; shape_divider_position=&#8221;bottom&#8221; bg_image_animation=&#8221;none&#8221;][vc_column column_padding=&#8221;no-extra-padding&#8221; column_padding_tablet=&#8221;inherit&#8221; column_padding_phone=&#8221;inherit&#8221; column_padding_position=&#8221;all&#8221; column_element_direction_desktop=&#8221;default&#8221; column_element_spacing=&#8221;default&#8221; desktop_text_alignment=&#8221;default&#8221; tablet_text_alignment=&#8221;default&#8221; phone_text_alignment=&#8221;default&#8221; background_color_opacity=&#8221;1&#8243; background_hover_color_opacity=&#8221;1&#8243; column_backdrop_filter=&#8221;none&#8221; column_shadow=&#8221;none&#8221;...\" \/>\n<meta property=\"og:url\" content=\"https:\/\/optimumsurfaces.com\/de\/privacy-policy\/\" \/>\n<meta property=\"og:site_name\" content=\"Optimum \u2013 Quality on Top\" \/>\n<meta property=\"article:modified_time\" content=\"2024-01-29T14:07:38+00:00\" \/>\n<meta name=\"twitter:card\" content=\"summary_large_image\" \/>\n<meta name=\"twitter:label1\" content=\"Gesch\u00e4tzte Lesezeit\" \/>\n\t<meta name=\"twitter:data1\" content=\"8\u00a0Minuten\" \/>\n<script type=\"application\/ld+json\" class=\"yoast-schema-graph\">{\"@context\":\"https:\/\/schema.org\",\"@graph\":[{\"@type\":\"WebPage\",\"@id\":\"https:\/\/optimumsurfaces.com\/de\/privacy-policy\/\",\"url\":\"https:\/\/optimumsurfaces.com\/de\/privacy-policy\/\",\"name\":\"Privacy Policy | Optimum \u2013 Quality on Top\",\"isPartOf\":{\"@id\":\"https:\/\/optimumsurfaces.com\/de\/#website\"},\"datePublished\":\"2023-12-18T14:25:15+00:00\",\"dateModified\":\"2024-01-29T14:07:38+00:00\",\"breadcrumb\":{\"@id\":\"https:\/\/optimumsurfaces.com\/de\/privacy-policy\/#breadcrumb\"},\"inLanguage\":\"de\",\"potentialAction\":[{\"@type\":\"ReadAction\",\"target\":[\"https:\/\/optimumsurfaces.com\/de\/privacy-policy\/\"]}]},{\"@type\":\"BreadcrumbList\",\"@id\":\"https:\/\/optimumsurfaces.com\/de\/privacy-policy\/#breadcrumb\",\"itemListElement\":[{\"@type\":\"ListItem\",\"position\":1,\"name\":\"Home\",\"item\":\"https:\/\/optimumsurfaces.com\/de\/\"},{\"@type\":\"ListItem\",\"position\":2,\"name\":\"Privacy Policy\"}]},{\"@type\":\"WebSite\",\"@id\":\"https:\/\/optimumsurfaces.com\/de\/#website\",\"url\":\"https:\/\/optimumsurfaces.com\/de\/\",\"name\":\"Optimum \u2013 Quality on Top\",\"description\":\"Lastre ceramiche in formato unico per infinite soluzioni progettuali\",\"potentialAction\":[{\"@type\":\"SearchAction\",\"target\":{\"@type\":\"EntryPoint\",\"urlTemplate\":\"https:\/\/optimumsurfaces.com\/de\/?s={search_term_string}\"},\"query-input\":{\"@type\":\"PropertyValueSpecification\",\"valueRequired\":true,\"valueName\":\"search_term_string\"}}],\"inLanguage\":\"de\"}]}<\/script>\n","yoast_head_json":{"title":"Privacy Policy | Optimum \u2013 Quality on Top","robots":{"index":"index","follow":"follow","max-snippet":"max-snippet:-1","max-image-preview":"max-image-preview:large","max-video-preview":"max-video-preview:-1"},"canonical":"https:\/\/optimumsurfaces.com\/de\/privacy-policy\/","og_locale":"de_DE","og_type":"article","og_title":"Privacy Policy | Optimum \u2013 Quality on Top","og_description":"[vc_row type=&#8221;in_container&#8221; full_screen_row_position=&#8221;middle&#8221; column_margin=&#8221;default&#8221; column_direction=&#8221;default&#8221; column_direction_tablet=&#8221;default&#8221; column_direction_phone=&#8221;default&#8221; scene_position=&#8221;center&#8221; text_color=&#8221;dark&#8221; text_align=&#8221;left&#8221; row_border_radius=&#8221;none&#8221; row_border_radius_applies=&#8221;bg&#8221; overflow=&#8221;visible&#8221; overlay_strength=&#8221;0.3&#8243; gradient_direction=&#8221;left_to_right&#8221; shape_divider_position=&#8221;bottom&#8221; bg_image_animation=&#8221;none&#8221;][vc_column column_padding=&#8221;no-extra-padding&#8221; column_padding_tablet=&#8221;inherit&#8221; column_padding_phone=&#8221;inherit&#8221; column_padding_position=&#8221;all&#8221; column_element_direction_desktop=&#8221;default&#8221; column_element_spacing=&#8221;default&#8221; desktop_text_alignment=&#8221;default&#8221; tablet_text_alignment=&#8221;default&#8221; phone_text_alignment=&#8221;default&#8221; background_color_opacity=&#8221;1&#8243; background_hover_color_opacity=&#8221;1&#8243; column_backdrop_filter=&#8221;none&#8221; column_shadow=&#8221;none&#8221;...","og_url":"https:\/\/optimumsurfaces.com\/de\/privacy-policy\/","og_site_name":"Optimum \u2013 Quality on Top","article_modified_time":"2024-01-29T14:07:38+00:00","twitter_card":"summary_large_image","twitter_misc":{"Gesch\u00e4tzte Lesezeit":"8\u00a0Minuten"},"schema":{"@context":"https:\/\/schema.org","@graph":[{"@type":"WebPage","@id":"https:\/\/optimumsurfaces.com\/de\/privacy-policy\/","url":"https:\/\/optimumsurfaces.com\/de\/privacy-policy\/","name":"Privacy Policy | Optimum \u2013 Quality on Top","isPartOf":{"@id":"https:\/\/optimumsurfaces.com\/de\/#website"},"datePublished":"2023-12-18T14:25:15+00:00","dateModified":"2024-01-29T14:07:38+00:00","breadcrumb":{"@id":"https:\/\/optimumsurfaces.com\/de\/privacy-policy\/#breadcrumb"},"inLanguage":"de","potentialAction":[{"@type":"ReadAction","target":["https:\/\/optimumsurfaces.com\/de\/privacy-policy\/"]}]},{"@type":"BreadcrumbList","@id":"https:\/\/optimumsurfaces.com\/de\/privacy-policy\/#breadcrumb","itemListElement":[{"@type":"ListItem","position":1,"name":"Home","item":"https:\/\/optimumsurfaces.com\/de\/"},{"@type":"ListItem","position":2,"name":"Privacy Policy"}]},{"@type":"WebSite","@id":"https:\/\/optimumsurfaces.com\/de\/#website","url":"https:\/\/optimumsurfaces.com\/de\/","name":"Optimum \u2013 Quality on Top","description":"Lastre ceramiche in formato unico per infinite soluzioni progettuali","potentialAction":[{"@type":"SearchAction","target":{"@type":"EntryPoint","urlTemplate":"https:\/\/optimumsurfaces.com\/de\/?s={search_term_string}"},"query-input":{"@type":"PropertyValueSpecification","valueRequired":true,"valueName":"search_term_string"}}],"inLanguage":"de"}]}},"_links":{"self":[{"href":"https:\/\/optimumsurfaces.com\/de\/wp-json\/wp\/v2\/pages\/2934","targetHints":{"allow":["GET"]}}],"collection":[{"href":"https:\/\/optimumsurfaces.com\/de\/wp-json\/wp\/v2\/pages"}],"about":[{"href":"https:\/\/optimumsurfaces.com\/de\/wp-json\/wp\/v2\/types\/page"}],"author":[{"embeddable":true,"href":"https:\/\/optimumsurfaces.com\/de\/wp-json\/wp\/v2\/users\/1"}],"replies":[{"embeddable":true,"href":"https:\/\/optimumsurfaces.com\/de\/wp-json\/wp\/v2\/comments?post=2934"}],"version-history":[{"count":4,"href":"https:\/\/optimumsurfaces.com\/de\/wp-json\/wp\/v2\/pages\/2934\/revisions"}],"predecessor-version":[{"id":3561,"href":"https:\/\/optimumsurfaces.com\/de\/wp-json\/wp\/v2\/pages\/2934\/revisions\/3561"}],"wp:attachment":[{"href":"https:\/\/optimumsurfaces.com\/de\/wp-json\/wp\/v2\/media?parent=2934"}],"curies":[{"name":"wp","href":"https:\/\/api.w.org\/{rel}","templated":true}]}}