{"id":3067,"date":"2023-12-18T15:25:15","date_gmt":"2023-12-18T14:25:15","guid":{"rendered":"https:\/\/optimumsurfaces.com\/privacy-policy\/"},"modified":"2024-01-29T15:07:02","modified_gmt":"2024-01-29T14:07:02","slug":"privacy-policy","status":"publish","type":"page","link":"https:\/\/optimumsurfaces.com\/fr\/privacy-policy\/","title":{"rendered":"Privacy Policy"},"content":{"rendered":"[vc_row type=&#8221;in_container&#8221; full_screen_row_position=&#8221;middle&#8221; column_margin=&#8221;default&#8221; column_direction=&#8221;default&#8221; column_direction_tablet=&#8221;default&#8221; column_direction_phone=&#8221;default&#8221; scene_position=&#8221;center&#8221; text_color=&#8221;dark&#8221; text_align=&#8221;left&#8221; row_border_radius=&#8221;none&#8221; row_border_radius_applies=&#8221;bg&#8221; overflow=&#8221;visible&#8221; overlay_strength=&#8221;0.3&#8243; gradient_direction=&#8221;left_to_right&#8221; shape_divider_position=&#8221;bottom&#8221; bg_image_animation=&#8221;none&#8221;][vc_column column_padding=&#8221;no-extra-padding&#8221; column_padding_tablet=&#8221;inherit&#8221; column_padding_phone=&#8221;inherit&#8221; column_padding_position=&#8221;all&#8221; column_element_direction_desktop=&#8221;default&#8221; column_element_spacing=&#8221;default&#8221; desktop_text_alignment=&#8221;default&#8221; tablet_text_alignment=&#8221;default&#8221; phone_text_alignment=&#8221;default&#8221; background_color_opacity=&#8221;1&#8243; background_hover_color_opacity=&#8221;1&#8243; column_backdrop_filter=&#8221;none&#8221; column_shadow=&#8221;none&#8221; column_border_radius=&#8221;none&#8221; column_link_target=&#8221;_self&#8221; column_position=&#8221;default&#8221; gradient_direction=&#8221;left_to_right&#8221; overlay_strength=&#8221;0.3&#8243; width=&#8221;1\/1&#8243; tablet_width_inherit=&#8221;default&#8221; animation_type=&#8221;default&#8221; bg_image_animation=&#8221;none&#8221; border_type=&#8221;simple&#8221; column_border_width=&#8221;none&#8221; column_border_style=&#8221;solid&#8221;][vc_column_text]\n<h1>Politique de confidentialit\u00e9<\/h1>\n<p>&nbsp;<\/p>\n<p><strong>Optimum \u2013 Quality on Top<\/strong><\/p>\n<p>Optimum \u2013 Quality on Top remercie d&#8217;avoir pris le temps de consulter cette section de notre site web. La protection de vos donn\u00e9es est tr\u00e8s importante pour nous. Pour mieux vous prot\u00e9ger, nous vous fournissons cette note d&#8217;information o\u00f9 vous trouverez le type de donn\u00e9es collect\u00e9es en ligne, ainsi que les m\u00e9thodes applicables pour intervenir sur la collecte et sur l&#8217;utilisation de ces informations sur le site.<\/p>\n<p>Aux termes du nouveau r\u00e8glement UE 2016\/679 (\u00ab RGPD \u00bb), du D. Lgs italien n\u00b0 196\/2003 du Code en mati\u00e8re de protection des donn\u00e9es personnelles et du D. Lgs. italien n\u00b0 201 du 6\/12\/2011, cette note d&#8217;information est fournie aux utilisateurs interagissant avec les services Web de Optimum \u2013 Quality on Top, accessibles par voie t\u00e9l\u00e9matique \u00e0 l&#8217;adresse: http:\/\/www.optimumsurfaces.com, soit la page d&#8217;accueil du site officiel d\u2019Optimum \u2013 Quality on Top<\/p>\n<p>Vos donn\u00e9es seront trait\u00e9es dans le respect de la r\u00e9glementation europ\u00e9enne et italienne en vigueur en mati\u00e8re de protection des donn\u00e9es personnelles, ainsi que conform\u00e9ment aux r\u00e9glementations locales sp\u00e9cifiques applicables aux traitements effectu\u00e9s en dehors du territoire italien, et selon les principes et les r\u00e8gles g\u00e9n\u00e9rales de comportement figurant dans le Code de d\u00e9ontologie adopt\u00e9 par Optimum \u2013 Quality on Top<\/p>\n<p><strong>1. Type de donn\u00e9es trait\u00e9es et leurs sources.<\/strong><\/p>\n<p><em>1.1 Donn\u00e9es collect\u00e9es automatiquement<\/em><\/p>\n<p>Les proc\u00e9dures logicielles n\u00e9cessaires au fonctionnement du site Web recueillent certaines donn\u00e9es \u00e0 caract\u00e8re personnel, dont la transmission est implicite lors de l&#8217;utilisation des protocoles de communication Internet, et les enregistrent sur les fichiers de log. Ces informations ne sont pas recueillies pour faire un rapprochement avec des sujets identifi\u00e9s. Cependant, en raison de leur caract\u00e8re, elles peuvent permettre d\u2019identifier les utilisateurs \u00e0 l\u2019aide de traitements et d\u2019associations avec des donn\u00e9es d\u00e9tenues par des tiers. Cette cat\u00e9gorie de donn\u00e9es comprend les adresses IP ou les noms de domaine des ordinateurs des utilisateurs qui se connectent au site, les adresses URI (<em>Uniform Resource Identifier &#8211; Identifiant Uniforme de Ressource<\/em>) des ressources demand\u00e9es, l\u2019heure de la requ\u00eate, la m\u00e9thode utilis\u00e9e pour adresser la requ\u00eate au serveur, la taille du fichier re\u00e7u en r\u00e9ponse, le code num\u00e9rique indiquant l\u2019\u00e9tat de la r\u00e9ponse donn\u00e9e par le serveur (requ\u00eate r\u00e9ussie, erreur, etc.) et d\u2019autres param\u00e8tres concernant le syst\u00e8me d\u2019exploitation et l\u2019environnement informatique de l\u2019utilisateur, les pages de d\u00e9part et d&#8217;arriv\u00e9e, l&#8217;index de navigation et les comportements d&#8217;identification mis en \u0153uvre pendant la visualisation des pages du site. Ces donn\u00e9es ne sont utilis\u00e9es que pour obtenir des informations statistiques anonymes relatives \u00e0 l\u2019utilisation du site et pour contr\u00f4ler son bon fonctionnement. Les donn\u00e9es pourraient \u00eatre utilis\u00e9es pour identifier les auteurs d\u2019hypoth\u00e9tiques d\u00e9lits informatiques ayant endommag\u00e9 le site uniquement \u00e0 la demande des organes de contr\u00f4le pr\u00e9pos\u00e9s.<\/p>\n<p><em>1.2 Donn\u00e9es fournies volontairement par l&#8217;utilisateur<\/em><\/p>\n<p>L\u2019envoi facultatif, explicite et volontaire de courriels aux adresses mentionn\u00e9es sur ce site, comporte l\u2019acquisition de l\u2019adresse de l\u2019exp\u00e9diteur utile pour r\u00e9pondre aux demandes, ainsi que de toute autre donn\u00e9e personnelle incluse dans les messages. Optimum \u2013 Quality on Top collectera et traitera les donn\u00e9es \u00e0 caract\u00e8re personnel que vous avez directement et consciemment fournies par l&#8217;interm\u00e9diaire du site \u00e0 l&#8217;occasion de votre inscription sur le site et\/ou au service de newsletters d\u2019Optimum \u2013 Quality on Top , et\/ou lors de l&#8217;une demande adress\u00e9e \u00e0 notre service client, ainsi que les donn\u00e9es \u00e9ventuellement fournies en remplissant la fiche client. Ces donn\u00e9es comprennent, par exemple, le pr\u00e9nom et le nom, l&#8217;adresse postale, la profession, l\u2019adresse e-mail et le t\u00e9l\u00e9phone. De plus, l&#8217;envoi facultatif, explicite et volontaire de courriels au moyen du site et\/ou aux adresses mentionn\u00e9es sur le site, comporte l\u2019acquisition de l\u2019adresse de l\u2019exp\u00e9diteur utile pour r\u00e9pondre aux demandes, ainsi que de toute autre donn\u00e9e personnelle incluse dans les messages.<\/p>\n<p><strong>2. Cookies<\/strong><\/p>\n<p>Les cookies utilis\u00e9s sur le site sont exclusivement des cookies techniques, soit des cookies qui servent \u00e0 naviguer ou \u00e0 fournir un service demand\u00e9 par l&#8217;utilisateur. Ils ne servent pas \u00e0 d&#8217;autres finalit\u00e9s et sont install\u00e9s directement par le propri\u00e9taire du site aux termes de l&#8217;article 122, alin\u00e9a 1, du Code de protection des donn\u00e9es personnelles (dans sa forme actuelle apr\u00e8s l&#8217;entr\u00e9e en vigueur du D. Lgs. italien n\u00b0 69\/2012). Les cookies techniques peuvent aussi \u00eatre utilis\u00e9s sans le consentement de la personne concern\u00e9e.<\/p>\n<p>L&#8217;organe europ\u00e9en regroupant les contr\u00f4leurs des \u00c9tats membres pour la protection des donn\u00e9es \u00e0 caract\u00e8re personnel (le groupe \u00ab article 29 \u00bb), a expliqu\u00e9 dans l&#8217;Avis 4\/2012 (WP194) \u00ab Exemption de l&#8217;obligation de consentement pour certains cookies \u00bb que les cookies suivants sont exempt\u00e9s du consentement inform\u00e9 et pr\u00e9alable de l&#8217;utilisateur :<\/p>\n<ul>\n<li>les cookies aliment\u00e9s par l&#8217;utilisateur (identifiant de session), pour la dur\u00e9e d&#8217;une session, ou les cookies persistants limit\u00e9s a\u0300 quelques heures dans certains cas ;<\/li>\n<li>les cookies d&#8217;authentification, utilis\u00e9s pour des services authentifi\u00e9s, pour la dur\u00e9e d\u2019une session ;<\/li>\n<li>les cookies de s\u00e9curit\u00e9 centr\u00e9s sur l\u2019utilisateur, utilis\u00e9s pour d\u00e9tecter les authentifications abusives, pour une dur\u00e9e limit\u00e9e r\u00e9p\u00e9t\u00e9e ;<\/li>\n<li>les cookies de session cr\u00e9\u00e9s par un lecteur multim\u00e9dia, tels que les cookies de lecteur flash, pour la dur\u00e9e d&#8217;une session ;<\/li>\n<li>les cookies de session d&#8217;\u00e9quilibrage de charge, pour la dur\u00e9e d&#8217;une session ;<\/li>\n<li>les cookies persistants pour la personnalisation de l&#8217;interface utilisateur, d&#8217;une dur\u00e9e d&#8217;une session (ou un peu plus).<\/li>\n<\/ul>\n<p>Tout autre type de cookie n&#8217;est utilis\u00e9 qu&#8217;apr\u00e8s avoir obtenu le consentement facultatif de l&#8217;utilisateur, qui peut \u00eatre modifi\u00e9 ou r\u00e9voqu\u00e9 \u00e0 tout moment au cours de la navigation.<\/p>\n<p><strong>3. Finalit\u00e9s du traitement des donn\u00e9es<\/strong><\/p>\n<p>Les donn\u00e9es \u00e0 caract\u00e8re personnel pourront \u00eatre utilis\u00e9es pour r\u00e9pondre \u00e0 toutes vos demandes et, en cons\u00e9quence, pour g\u00e9rer les relations entre vous et Optimum \u2013 Quality on Top. Le traitement des donn\u00e9es pour la poursuite de ces finalit\u00e9s est obligatoire, et l&#8217;\u00e9ventuel refus de communication, ou toute communication erron\u00e9e, de l&#8217;une des informations peut limiter et\/ou emp\u00eacher l&#8217;utilisation compl\u00e8te des fonctionnalit\u00e9s et services figurant sur le site.<\/p>\n<p><strong>4. Modalit\u00e9s et lieu du traitement.<\/strong><\/p>\n<p>Le traitement de vos donn\u00e9es \u00e0 caract\u00e8re personnel se fera par des proc\u00e9d\u00e9s \u00e9lectroniques ou, en tout \u00e9tat de cause, automatis\u00e9s, informatiques et t\u00e9l\u00e9matiques, ou par voies manuelles sur support papier, selon des logiques strictement li\u00e9es aux finalit\u00e9s pour lesquelles les donn\u00e9es \u00e0 caract\u00e8re personnel ont \u00e9t\u00e9 collect\u00e9es et, quoi qu&#8217;il en soit, de sorte \u00e0 garantir la s\u00e9curit\u00e9 et la confidentialit\u00e9 desdites donn\u00e9es. Les donn\u00e9es \u00e0 caract\u00e8re personnel seront trait\u00e9es par le personnel interne d\u2019Optimum \u2013 Quality on Top. pour les finalit\u00e9s autoris\u00e9es en sa qualit\u00e9 de mandat\u00e9 au traitement dans le cadre de l&#8217;ex\u00e9cution de ses fonctions professionnelles, et le cas \u00e9ch\u00e9ant par des organismes tiers pour tout ce qui est n\u00e9cessaire et\/ou accessoire \u00e0 la poursuite des finalit\u00e9s susvis\u00e9es (ex. prestataires de services, techniciens charg\u00e9s de l&#8217;entretien des services informatiques, soci\u00e9t\u00e9s auxquelles Optimum \u2013 Quality on Top pourra s\u2019adresser pour la r\u00e9alisation et\/ou la gestion de campagnes promotionnelles concernant ses produits ou services, etc.).<\/p>\n<p>Les traitements li\u00e9s aux services Web sont effectu\u00e9s au si\u00e8ge du Responsable du traitement et aupr\u00e8s du prestataire Ventisette Digital Via dei Servi 22, 41124 Mod\u00e8ne &#8211; Italie<\/p>\n<p><strong>5. Nature des donn\u00e9es collect\u00e9es et caract\u00e8re facultatif.<\/strong><\/p>\n<p>La fourniture des donn\u00e9es est facultative. N\u00e9anmoins, si vous souhaitez contacter notre service client, vous devez remplir tous les champs obligatoires sur les formulaires. Le traitement de vos donn\u00e9es pour les finalit\u00e9s vis\u00e9es au point 3 est subordonn\u00e9 \u00e0 votre consentement explicite. Tout refus de consentement ne g\u00e9n\u00e8re pas de cons\u00e9quences si ce n&#8217;est l&#8217;impossibilit\u00e9 de pouvoir vous informer des initiatives susceptibles de vous int\u00e9resser et\/ou de vous envoyer toute information de nature commerciale sur les produits, les initiatives et les \u00e9v\u00e9nements d\u2019Optimum \u2013 Quality on Top. Vous pourrez retirer, \u00e0 tout moment, votre consentement en \u00e9crivant \u00e0 Optimum \u2013 Quality on Top, Via Magazzeno, 1944 Savignano sul Panaro (Mod\u00e8ne) ou en envoyant un e-mail \u00e0 l&#8217;adresse <a href=\"mailto:privacy@optimumsurfaces.com\">privacy@optimumsurfaces.com<\/a>.<\/p>\n<p><strong>6. Communication et divulgation des donn\u00e9es.<\/strong><\/p>\n<p>Vos donn\u00e9es \u00e0 caract\u00e8re personnel, dans la mesure o\u00f9 elles sont n\u00e9cessaires et\/ou accessoires \u00e0 l&#8217;ex\u00e9cution des finalit\u00e9s susmentionn\u00e9es, pourront \u00eatre trait\u00e9es par des organismes tiers agissant en qualit\u00e9 de sous-traitants appartenant aux cat\u00e9gories ci-apr\u00e8s :<\/p>\n<ul>\n<li>soci\u00e9t\u00e9s li\u00e9es \u00e0 Optimum \u2013 Quality on Top ;<\/li>\n<li>soci\u00e9t\u00e9s, experts conseils et studios professionnels fournissant des activit\u00e9s d&#8217;assistance et\/ou de conseil, ou r\u00e9alisant, pour le compte d\u2019Optimum \u2013 Quality on Top, des services connexes et accessoires aux finalit\u00e9s du traitement des donn\u00e9es.<\/li>\n<\/ul>\n<p>Vos donn\u00e9es pourront \u00eatre transf\u00e9r\u00e9es \u00e0 l&#8217;\u00e9tranger selon les dispositions de la loi applicable, y compris vers des pays en dehors de l&#8217;Union europ\u00e9enne o\u00f9 la soci\u00e9t\u00e9 poursuit ses propres int\u00e9r\u00eats. Vos donn\u00e9es \u00e0 caract\u00e8re personnel ne seront pas utilis\u00e9es pour des finalit\u00e9s promotionnelles de tiers et ne feront, en aucun cas, l&#8217;objet de divulgation \u00e0 des entit\u00e9s ind\u00e9termin\u00e9es.<\/p>\n<p><strong>7. Newsletters<\/strong><\/p>\n<p>Suite \u00e0 l&#8217;inscription \u00e0 la newsletter d\u2019Optimum \u2013 Quality on Top, le nom et l&#8217;adresse e-mail de l&#8217;utilisateur se retrouvent sur une liste de contacts auxquels sont envoy\u00e9s r\u00e9guli\u00e8rement des informations commerciales et promotionnelles. Il est n\u00e9cessaire d&#8217;avoir 16 ans et de fournir un consentement explicite pour pouvoir s&#8217;inscrire \u00e0 la newsletter. Sans consentement \u00e0 la communication, il ne sera pas possible de s&#8217;inscrire \u00e0 la newsletter.<\/p>\n<p>Optimum \u2013 Quality on Top re\u00e7oit un e-mail contenant les donn\u00e9es susvis\u00e9es aussi bien au moment de l&#8217;inscription qu&#8217;\u00e0 celui de la d\u00e9sinscription \u00e0 la newsletter, et fait r\u00e9guli\u00e8rement la sauvegarde de la liste de diffusion.<\/p>\n<p>Le service de newsletter est assur\u00e9 par <em>The Rocket Science Group<\/em>, bas\u00e9 675 Ponce de Leon Ave NE, Suite 5000 Atlanta, GA 30308 \u00c9tats-Unis. Comme toutes les plateformes de newsletters, The Rocket Science Group fournit des informations sur la personne qui ouvre la newsletter et clique sur les liens hypertextes. Les coordonn\u00e9es sont enregistr\u00e9es sur ses serveurs. Pour se d\u00e9sinscrire \u00e0 tout moment, il suffit de cliquer sur le lien dans le bas de chaque e-mail.<\/p>\n<p><strong>8. Responsable du traitement.<\/strong><\/p>\n<p>Le responsable du traitement est Ceramica del Conca S.p.A., dont le si\u00e8ge social est sis Via Croce 8 \u00e0 San Clemente (Rimini), qui traitera vos donn\u00e9es aux termes du RGPD UE 2016\/679 et du d\u00e9cret l\u00e9gislatif italien n\u00b0 196\/2003 et modifications suivantes &#8211; Code pour la protection des donn\u00e9es \u00e0 caract\u00e8re personnel.<\/p>\n<p><strong>9. Droits de la personne concern\u00e9e.<\/strong><\/p>\n<p>Vous pourrez exercer, \u00e0 tout moment, les droits \u00e9nonc\u00e9s aux articles 15-22 du R\u00e8glement.<\/p>\n<p><strong>10. Contacts.<\/strong><\/p>\n<p>Pour toute demande concernant vos donn\u00e9es \u00e0 caract\u00e8re personnel cit\u00e9es par cette note d&#8217;information, vous pourrez adresser un message \u00e0 : Optimum \u2013 Quality on Top, via Magazzeno 1944 Savignano sul Panaro (Mod\u00e8ne), e-mail <a href=\"mailto:privacy@optimumsurfaces.com\">privacy@optimumsurfaces.com<\/a><\/p>\n<p>Optimum \u2013 Quality on Top se r\u00e9serve le droit de modifier \u00e0 tout moment cette note d&#8217;information sur la protection de la vie priv\u00e9e. La version publi\u00e9e sur le site est la version actuellement en vigueur.<\/p>\n<p>&nbsp;<\/p>\n<p>&nbsp;<\/p>\n<p>Date de derni\u00e8re r\u00e9vision : mai 2018.<\/p>\n[\/vc_column_text][divider line_type=&#8221;No Line&#8221; custom_height=&#8221;50px&#8221;][\/vc_column][\/vc_row]\n","protected":false},"excerpt":{"rendered":"<p>[vc_row type=&#8221;in_container&#8221; full_screen_row_position=&#8221;middle&#8221; column_margin=&#8221;default&#8221; column_direction=&#8221;default&#8221; column_direction_tablet=&#8221;default&#8221; column_direction_phone=&#8221;default&#8221; scene_position=&#8221;center&#8221; text_color=&#8221;dark&#8221; text_align=&#8221;left&#8221; row_border_radius=&#8221;none&#8221; row_border_radius_applies=&#8221;bg&#8221; overflow=&#8221;visible&#8221; overlay_strength=&#8221;0.3&#8243; gradient_direction=&#8221;left_to_right&#8221; shape_divider_position=&#8221;bottom&#8221; bg_image_animation=&#8221;none&#8221;][vc_column column_padding=&#8221;no-extra-padding&#8221; column_padding_tablet=&#8221;inherit&#8221; column_padding_phone=&#8221;inherit&#8221; column_padding_position=&#8221;all&#8221; column_element_direction_desktop=&#8221;default&#8221; column_element_spacing=&#8221;default&#8221; desktop_text_alignment=&#8221;default&#8221; tablet_text_alignment=&#8221;default&#8221; phone_text_alignment=&#8221;default&#8221; background_color_opacity=&#8221;1&#8243; background_hover_color_opacity=&#8221;1&#8243; column_backdrop_filter=&#8221;none&#8221; column_shadow=&#8221;none&#8221;&#8230;<\/p>\n","protected":false},"author":1,"featured_media":0,"parent":0,"menu_order":0,"comment_status":"closed","ping_status":"closed","template":"","meta":{"inline_featured_image":false,"footnotes":""},"class_list":["post-3067","page","type-page","status-publish"],"yoast_head":"\n<title>Privacy Policy | Optimum \u2013 Quality on Top<\/title>\n<meta name=\"robots\" content=\"index, follow, max-snippet:-1, max-image-preview:large, max-video-preview:-1\" \/>\n<link rel=\"canonical\" href=\"https:\/\/optimumsurfaces.com\/fr\/privacy-policy\/\" \/>\n<meta property=\"og:locale\" content=\"fr_FR\" \/>\n<meta property=\"og:type\" content=\"article\" \/>\n<meta property=\"og:title\" content=\"Privacy Policy | Optimum \u2013 Quality on Top\" \/>\n<meta property=\"og:description\" content=\"[vc_row type=&#8221;in_container&#8221; full_screen_row_position=&#8221;middle&#8221; column_margin=&#8221;default&#8221; column_direction=&#8221;default&#8221; column_direction_tablet=&#8221;default&#8221; column_direction_phone=&#8221;default&#8221; scene_position=&#8221;center&#8221; text_color=&#8221;dark&#8221; text_align=&#8221;left&#8221; row_border_radius=&#8221;none&#8221; row_border_radius_applies=&#8221;bg&#8221; overflow=&#8221;visible&#8221; overlay_strength=&#8221;0.3&#8243; gradient_direction=&#8221;left_to_right&#8221; shape_divider_position=&#8221;bottom&#8221; bg_image_animation=&#8221;none&#8221;][vc_column column_padding=&#8221;no-extra-padding&#8221; column_padding_tablet=&#8221;inherit&#8221; column_padding_phone=&#8221;inherit&#8221; column_padding_position=&#8221;all&#8221; column_element_direction_desktop=&#8221;default&#8221; column_element_spacing=&#8221;default&#8221; desktop_text_alignment=&#8221;default&#8221; tablet_text_alignment=&#8221;default&#8221; phone_text_alignment=&#8221;default&#8221; background_color_opacity=&#8221;1&#8243; background_hover_color_opacity=&#8221;1&#8243; column_backdrop_filter=&#8221;none&#8221; column_shadow=&#8221;none&#8221;...\" \/>\n<meta property=\"og:url\" content=\"https:\/\/optimumsurfaces.com\/fr\/privacy-policy\/\" \/>\n<meta property=\"og:site_name\" content=\"Optimum \u2013 Quality on Top\" \/>\n<meta property=\"article:modified_time\" content=\"2024-01-29T14:07:02+00:00\" \/>\n<meta name=\"twitter:card\" content=\"summary_large_image\" \/>\n<meta name=\"twitter:label1\" content=\"Dur\u00e9e de lecture estim\u00e9e\" \/>\n\t<meta name=\"twitter:data1\" content=\"10 minutes\" \/>\n<script type=\"application\/ld+json\" class=\"yoast-schema-graph\">{\"@context\":\"https:\/\/schema.org\",\"@graph\":[{\"@type\":\"WebPage\",\"@id\":\"https:\/\/optimumsurfaces.com\/fr\/privacy-policy\/\",\"url\":\"https:\/\/optimumsurfaces.com\/fr\/privacy-policy\/\",\"name\":\"Privacy Policy | Optimum \u2013 Quality on Top\",\"isPartOf\":{\"@id\":\"https:\/\/optimumsurfaces.com\/fr\/#website\"},\"datePublished\":\"2023-12-18T14:25:15+00:00\",\"dateModified\":\"2024-01-29T14:07:02+00:00\",\"breadcrumb\":{\"@id\":\"https:\/\/optimumsurfaces.com\/fr\/privacy-policy\/#breadcrumb\"},\"inLanguage\":\"fr-FR\",\"potentialAction\":[{\"@type\":\"ReadAction\",\"target\":[\"https:\/\/optimumsurfaces.com\/fr\/privacy-policy\/\"]}]},{\"@type\":\"BreadcrumbList\",\"@id\":\"https:\/\/optimumsurfaces.com\/fr\/privacy-policy\/#breadcrumb\",\"itemListElement\":[{\"@type\":\"ListItem\",\"position\":1,\"name\":\"Home\",\"item\":\"https:\/\/optimumsurfaces.com\/fr\/\"},{\"@type\":\"ListItem\",\"position\":2,\"name\":\"Privacy Policy\"}]},{\"@type\":\"WebSite\",\"@id\":\"https:\/\/optimumsurfaces.com\/fr\/#website\",\"url\":\"https:\/\/optimumsurfaces.com\/fr\/\",\"name\":\"Optimum \u2013 Quality on Top\",\"description\":\"Lastre ceramiche in formato unico per infinite soluzioni progettuali\",\"potentialAction\":[{\"@type\":\"SearchAction\",\"target\":{\"@type\":\"EntryPoint\",\"urlTemplate\":\"https:\/\/optimumsurfaces.com\/fr\/?s={search_term_string}\"},\"query-input\":{\"@type\":\"PropertyValueSpecification\",\"valueRequired\":true,\"valueName\":\"search_term_string\"}}],\"inLanguage\":\"fr-FR\"}]}<\/script>\n","yoast_head_json":{"title":"Privacy Policy | Optimum \u2013 Quality on Top","robots":{"index":"index","follow":"follow","max-snippet":"max-snippet:-1","max-image-preview":"max-image-preview:large","max-video-preview":"max-video-preview:-1"},"canonical":"https:\/\/optimumsurfaces.com\/fr\/privacy-policy\/","og_locale":"fr_FR","og_type":"article","og_title":"Privacy Policy | Optimum \u2013 Quality on Top","og_description":"[vc_row type=&#8221;in_container&#8221; full_screen_row_position=&#8221;middle&#8221; column_margin=&#8221;default&#8221; column_direction=&#8221;default&#8221; column_direction_tablet=&#8221;default&#8221; column_direction_phone=&#8221;default&#8221; scene_position=&#8221;center&#8221; text_color=&#8221;dark&#8221; text_align=&#8221;left&#8221; row_border_radius=&#8221;none&#8221; row_border_radius_applies=&#8221;bg&#8221; overflow=&#8221;visible&#8221; overlay_strength=&#8221;0.3&#8243; gradient_direction=&#8221;left_to_right&#8221; shape_divider_position=&#8221;bottom&#8221; bg_image_animation=&#8221;none&#8221;][vc_column column_padding=&#8221;no-extra-padding&#8221; column_padding_tablet=&#8221;inherit&#8221; column_padding_phone=&#8221;inherit&#8221; column_padding_position=&#8221;all&#8221; column_element_direction_desktop=&#8221;default&#8221; column_element_spacing=&#8221;default&#8221; desktop_text_alignment=&#8221;default&#8221; tablet_text_alignment=&#8221;default&#8221; phone_text_alignment=&#8221;default&#8221; background_color_opacity=&#8221;1&#8243; background_hover_color_opacity=&#8221;1&#8243; column_backdrop_filter=&#8221;none&#8221; column_shadow=&#8221;none&#8221;...","og_url":"https:\/\/optimumsurfaces.com\/fr\/privacy-policy\/","og_site_name":"Optimum \u2013 Quality on Top","article_modified_time":"2024-01-29T14:07:02+00:00","twitter_card":"summary_large_image","twitter_misc":{"Dur\u00e9e de lecture estim\u00e9e":"10 minutes"},"schema":{"@context":"https:\/\/schema.org","@graph":[{"@type":"WebPage","@id":"https:\/\/optimumsurfaces.com\/fr\/privacy-policy\/","url":"https:\/\/optimumsurfaces.com\/fr\/privacy-policy\/","name":"Privacy Policy | Optimum \u2013 Quality on Top","isPartOf":{"@id":"https:\/\/optimumsurfaces.com\/fr\/#website"},"datePublished":"2023-12-18T14:25:15+00:00","dateModified":"2024-01-29T14:07:02+00:00","breadcrumb":{"@id":"https:\/\/optimumsurfaces.com\/fr\/privacy-policy\/#breadcrumb"},"inLanguage":"fr-FR","potentialAction":[{"@type":"ReadAction","target":["https:\/\/optimumsurfaces.com\/fr\/privacy-policy\/"]}]},{"@type":"BreadcrumbList","@id":"https:\/\/optimumsurfaces.com\/fr\/privacy-policy\/#breadcrumb","itemListElement":[{"@type":"ListItem","position":1,"name":"Home","item":"https:\/\/optimumsurfaces.com\/fr\/"},{"@type":"ListItem","position":2,"name":"Privacy Policy"}]},{"@type":"WebSite","@id":"https:\/\/optimumsurfaces.com\/fr\/#website","url":"https:\/\/optimumsurfaces.com\/fr\/","name":"Optimum \u2013 Quality on Top","description":"Lastre ceramiche in formato unico per infinite soluzioni progettuali","potentialAction":[{"@type":"SearchAction","target":{"@type":"EntryPoint","urlTemplate":"https:\/\/optimumsurfaces.com\/fr\/?s={search_term_string}"},"query-input":{"@type":"PropertyValueSpecification","valueRequired":true,"valueName":"search_term_string"}}],"inLanguage":"fr-FR"}]}},"_links":{"self":[{"href":"https:\/\/optimumsurfaces.com\/fr\/wp-json\/wp\/v2\/pages\/3067","targetHints":{"allow":["GET"]}}],"collection":[{"href":"https:\/\/optimumsurfaces.com\/fr\/wp-json\/wp\/v2\/pages"}],"about":[{"href":"https:\/\/optimumsurfaces.com\/fr\/wp-json\/wp\/v2\/types\/page"}],"author":[{"embeddable":true,"href":"https:\/\/optimumsurfaces.com\/fr\/wp-json\/wp\/v2\/users\/1"}],"replies":[{"embeddable":true,"href":"https:\/\/optimumsurfaces.com\/fr\/wp-json\/wp\/v2\/comments?post=3067"}],"version-history":[{"count":2,"href":"https:\/\/optimumsurfaces.com\/fr\/wp-json\/wp\/v2\/pages\/3067\/revisions"}],"predecessor-version":[{"id":3560,"href":"https:\/\/optimumsurfaces.com\/fr\/wp-json\/wp\/v2\/pages\/3067\/revisions\/3560"}],"wp:attachment":[{"href":"https:\/\/optimumsurfaces.com\/fr\/wp-json\/wp\/v2\/media?parent=3067"}],"curies":[{"name":"wp","href":"https:\/\/api.w.org\/{rel}","templated":true}]}}